{"id":15,"date":"2019-02-17T17:52:33","date_gmt":"2019-02-17T17:52:33","guid":{"rendered":"http:\/\/kerstin-schaum.de\/?page_id=15"},"modified":"2023-11-29T16:35:44","modified_gmt":"2023-11-29T16:35:44","slug":"projekte","status":"publish","type":"page","link":"https:\/\/kerstin-schaum.de\/?page_id=15","title":{"rendered":"Projekte"},"content":{"rendered":"\t\t<div data-elementor-type=\"wp-post\" data-elementor-id=\"15\" class=\"elementor elementor-15\">\n\t\t\t\t\t\t<section class=\"elementor-section elementor-top-section elementor-element elementor-element-4c2d7c31 elementor-section-stretched elementor-section-content-middle elementor-section-boxed elementor-section-height-default elementor-section-height-default\" data-id=\"4c2d7c31\" data-element_type=\"section\" data-e-type=\"section\" data-settings=\"{&quot;stretch_section&quot;:&quot;section-stretched&quot;}\">\n\t\t\t\t\t\t<div class=\"elementor-container elementor-column-gap-default\">\n\t\t\t\t\t<div class=\"elementor-column elementor-col-100 elementor-top-column elementor-element elementor-element-64b39ea6\" data-id=\"64b39ea6\" data-element_type=\"column\" data-e-type=\"column\">\n\t\t\t<div class=\"elementor-widget-wrap elementor-element-populated\">\n\t\t\t\t\t\t<div class=\"elementor-element elementor-element-27867dfa elementor-widget elementor-widget-text-editor\" data-id=\"27867dfa\" data-element_type=\"widget\" data-e-type=\"widget\" data-widget_type=\"text-editor.default\">\n\t\t\t\t<div class=\"elementor-widget-container\">\n\t\t\t\t\t\t\t\t\t<p><\/p>\n<div>Mit meinen B\u00fcchern unterst\u00fctze ich verschiedene soziale Projekte. Dazu geh\u00f6rt ein Trauerverein, integrative Gruppen, ein indisches Kinderheim und Tierhilfevereine.<\/div>\n<div>Das Projekte &#8222;Mausohr-Bahnhof&#8220; in M\u00fcmling-Grumbach und &#8222;Stadttauben&#8220; in Darmstadt liegen uns zurzeit sehr am Herzen.<\/div><div><br><\/div>\n<div><img fetchpriority=\"high\" decoding=\"async\" class=\"alignnone size-large wp-image-853\" src=\"https:\/\/kerstin-schaum.de\/wp-content\/uploads\/2023\/11\/Taubenflyer_neu-1-1024x723.jpg\" alt=\"\" width=\"525\" height=\"371\" srcset=\"https:\/\/kerstin-schaum.de\/wp-content\/uploads\/2023\/11\/Taubenflyer_neu-1-1024x723.jpg 1024w, https:\/\/kerstin-schaum.de\/wp-content\/uploads\/2023\/11\/Taubenflyer_neu-1-300x212.jpg 300w, https:\/\/kerstin-schaum.de\/wp-content\/uploads\/2023\/11\/Taubenflyer_neu-1-768x543.jpg 768w, https:\/\/kerstin-schaum.de\/wp-content\/uploads\/2023\/11\/Taubenflyer_neu-1-1536x1085.jpg 1536w, https:\/\/kerstin-schaum.de\/wp-content\/uploads\/2023\/11\/Taubenflyer_neu-1.jpg 1754w\" sizes=\"(max-width: 525px) 100vw, 525px\" \/><\/div>\n<div><img decoding=\"async\" class=\"alignnone size-large wp-image-852\" src=\"https:\/\/kerstin-schaum.de\/wp-content\/uploads\/2023\/11\/Taubenflyer_neu-2-1024x723.jpg\" alt=\"\" width=\"525\" height=\"371\" srcset=\"https:\/\/kerstin-schaum.de\/wp-content\/uploads\/2023\/11\/Taubenflyer_neu-2-1024x723.jpg 1024w, https:\/\/kerstin-schaum.de\/wp-content\/uploads\/2023\/11\/Taubenflyer_neu-2-300x212.jpg 300w, https:\/\/kerstin-schaum.de\/wp-content\/uploads\/2023\/11\/Taubenflyer_neu-2-768x543.jpg 768w, https:\/\/kerstin-schaum.de\/wp-content\/uploads\/2023\/11\/Taubenflyer_neu-2-1536x1085.jpg 1536w, https:\/\/kerstin-schaum.de\/wp-content\/uploads\/2023\/11\/Taubenflyer_neu-2.jpg 1754w\" sizes=\"(max-width: 525px) 100vw, 525px\" \/><\/div>\n<div>&nbsp;<\/div>\n<div><img decoding=\"async\" class=\"alignnone size-large wp-image-847\" src=\"https:\/\/kerstin-schaum.de\/wp-content\/uploads\/2023\/11\/Gartenfrosch_Nr-21_Winter_2023_Web-1-1-722x1024.jpg\" alt=\"\" width=\"525\" height=\"745\" srcset=\"https:\/\/kerstin-schaum.de\/wp-content\/uploads\/2023\/11\/Gartenfrosch_Nr-21_Winter_2023_Web-1-1-722x1024.jpg 722w, https:\/\/kerstin-schaum.de\/wp-content\/uploads\/2023\/11\/Gartenfrosch_Nr-21_Winter_2023_Web-1-1-211x300.jpg 211w, https:\/\/kerstin-schaum.de\/wp-content\/uploads\/2023\/11\/Gartenfrosch_Nr-21_Winter_2023_Web-1-1-768x1090.jpg 768w, https:\/\/kerstin-schaum.de\/wp-content\/uploads\/2023\/11\/Gartenfrosch_Nr-21_Winter_2023_Web-1-1.jpg 874w\" sizes=\"(max-width: 525px) 100vw, 525px\" \/><\/div>\n<div><img loading=\"lazy\" decoding=\"async\" class=\"alignnone size-large wp-image-846\" src=\"https:\/\/kerstin-schaum.de\/wp-content\/uploads\/2023\/11\/Gartenfrosch_Nr-21_Winter_2023_Web2-1-722x1024.jpg\" alt=\"\" width=\"525\" height=\"745\" srcset=\"https:\/\/kerstin-schaum.de\/wp-content\/uploads\/2023\/11\/Gartenfrosch_Nr-21_Winter_2023_Web2-1-722x1024.jpg 722w, https:\/\/kerstin-schaum.de\/wp-content\/uploads\/2023\/11\/Gartenfrosch_Nr-21_Winter_2023_Web2-1-211x300.jpg 211w, https:\/\/kerstin-schaum.de\/wp-content\/uploads\/2023\/11\/Gartenfrosch_Nr-21_Winter_2023_Web2-1-768x1090.jpg 768w, https:\/\/kerstin-schaum.de\/wp-content\/uploads\/2023\/11\/Gartenfrosch_Nr-21_Winter_2023_Web2-1.jpg 874w\" sizes=\"(max-width: 525px) 100vw, 525px\" \/><\/div>\n<p><\/p>\n<h2 class=\"wp-block-heading\">Engel der Liebe &#8211; stark f\u00fcr Kinder<\/h2>\n<p><\/p>\n<div class=\"wp-block-image\">\n<figure class=\"aligncenter is-resized\"><img loading=\"lazy\" decoding=\"async\" class=\"wp-image-153\" src=\"https:\/\/kerstin-schaum.de\/wp-content\/uploads\/2019\/03\/kinder.jpg\" alt=\"\" width=\"436\" height=\"325\"><\/figure>\n<\/div>\n<p><\/p>\n<p>Die Kinder und das Heim<\/p>\n<p><\/p>\n<p>Ein paar der \u00e4rmsten Kinder aus dem Einzugsgebiet der Oblatenmissionen in Boda und Tilaidhar \/ Indien wohnen im Heim \u201eEngel der Liebe\u201c. Diese \u00e4rmliche Einrichtung ist der Oblatenmission von Boda angegliedert und befindet sich in der Di\u00f6zese von Ambikapur im indischen Bundesstaat Chattishgarh.<\/p>\n<p><\/p>\n<p>Das Heim ist das st\u00e4ndige Zuhause der armen Kinder verschiedener Stammesgemeinschaften des Gebietes. Es befindet sich in einer abgelegenen Di\u00f6zese im Norden Indiens.<\/p>\n<p><\/p>\n<p>Das gr\u00f6\u00dfte Anliegen der Mission ist die Schulbildung. In dieser Gegend k\u00f6nnen nur 8 % der Menschen lesen und schreiben. Kinderarbeit ist in dieser Region weit verbreitet, so dass die Eltern ihre Kinder nicht in die Schule schicken, weil damit das Familieneinkommen aufgebessert wird.<\/p>\n<p><\/p>\n<p>Die Kinder, die im Heim \u201eEngel der Liebe\u201c wohnen sind zwischen 7 und 17 Jahre alt. Sie bekommen eine einfache Schulausbildung. Diese Kinder sind Halbwaisen oder Waisen. Einige wurden von ihren Eltern einfach verlassen. Die Kinder brauchen unsere Liebe und Zuwendung. Jesus Christus hei\u00dft alle Kinder Willkommen, denn sie sind unschuldig. Wir wollen es wie Jesus tun.<\/p>\n<p><\/p>\n<p>Unsere Ziele<\/p>\n<p><\/p>\n<p>Ziele des Projekts sind:<\/p>\n<p><\/p>\n<p>1. \u2026 eine kindgerechte Lebensf\u00fchrung sowie eine schulische Grundbildung f\u00fcr die oben genannten Kinder von Boda.<\/p>\n<p><\/p>\n<p>2. \u2026 allen Stammeskindern eine elementare schulische Bildung zu erm\u00f6glichen. Dies gilt f\u00fcr Kinder der armen St\u00e4mme, die sonst nicht in Kontakt mit dem Bildungssystem k\u00e4men.<\/p>\n<p><\/p>\n<p>3. \u2026ein neues Geb\u00e4ude zu bauen, bestehend aus einer Gemeinschaftshalle, Toiletten und Grundmobiliar.<\/p>\n<p><\/p>\n<p>4. \u2026den Stammeskindern eine gute Bildung angedeihen zu lassen. Ihnen gutes Verhalten und christliche Grundwerte zu vermitteln.<\/p>\n<p><\/p>\n<p>5. Damit haben die Kinder die M\u00f6glichkeit, sich ins indische Bildungsb\u00fcrgertum zu integrieren.<\/p>\n<p><\/p>\n<p>Das t\u00e4gliche Leben der Kinder im Heim<\/p>\n<p><\/p>\n<p>Den Kindern in diesem Heim wird viel Aufmerksamkeit und F\u00fcrsorge geschenkt. Weil wir erst am Anfang stehen, haben wir f\u00fcr dieses Schuljahr 12 Kinder ausgew\u00e4hlt. Wir freuen uns darauf zwischen 75 \u2013 100 Kinder bei uns aufnehmen zu k\u00f6nnen, was ganz von unserer finanziellen Situation abh\u00e4ngt, sprich von gro\u00dfz\u00fcgigen Spendern.<\/p>\n<p><\/p>\n<p>Mit herzlichen Gr\u00fc\u00dfen Ihr Fr. Francis Nallappan, OMI OBLATES OF MARY IMMACULATE Indien im November 2008<\/p>\n<p><\/p>\n<p><\/p>\t\t\t\t\t\t\t\t<\/div>\n\t\t\t\t<\/div>\n\t\t\t\t\t<\/div>\n\t\t<\/div>\n\t\t\t\t\t<\/div>\n\t\t<\/section>\n\t\t\t\t<\/div>\n\t\t","protected":false},"excerpt":{"rendered":"<p>Mit meinen B\u00fcchern unterst\u00fctze ich verschiedene soziale Projekte. Dazu geh\u00f6rt ein Trauerverein, integrative Gruppen, ein indisches Kinderheim und Tierhilfevereine. Das Projekte &#8222;Mausohr-Bahnhof&#8220; in M\u00fcmling-Grumbach und &#8222;Stadttauben&#8220; in Darmstadt liegen uns zurzeit sehr am Herzen. &nbsp; Engel der Liebe &#8211; stark f\u00fcr Kinder Die Kinder und das Heim Ein paar der \u00e4rmsten Kinder aus dem Einzugsgebiet &hellip; <\/p>\n<p class=\"link-more\"><a href=\"https:\/\/kerstin-schaum.de\/?page_id=15\" class=\"more-link\"><span class=\"screen-reader-text\">\u201eProjekte\u201c <\/span>weiterlesen<\/a><\/p>\n","protected":false},"author":1,"featured_media":0,"parent":0,"menu_order":2,"comment_status":"closed","ping_status":"closed","template":"","meta":{"footnotes":""},"class_list":["post-15","page","type-page","status-publish","hentry"],"_links":{"self":[{"href":"https:\/\/kerstin-schaum.de\/index.php?rest_route=\/wp\/v2\/pages\/15","targetHints":{"allow":["GET"]}}],"collection":[{"href":"https:\/\/kerstin-schaum.de\/index.php?rest_route=\/wp\/v2\/pages"}],"about":[{"href":"https:\/\/kerstin-schaum.de\/index.php?rest_route=\/wp\/v2\/types\/page"}],"author":[{"embeddable":true,"href":"https:\/\/kerstin-schaum.de\/index.php?rest_route=\/wp\/v2\/users\/1"}],"replies":[{"embeddable":true,"href":"https:\/\/kerstin-schaum.de\/index.php?rest_route=%2Fwp%2Fv2%2Fcomments&post=15"}],"version-history":[{"count":15,"href":"https:\/\/kerstin-schaum.de\/index.php?rest_route=\/wp\/v2\/pages\/15\/revisions"}],"predecessor-version":[{"id":856,"href":"https:\/\/kerstin-schaum.de\/index.php?rest_route=\/wp\/v2\/pages\/15\/revisions\/856"}],"wp:attachment":[{"href":"https:\/\/kerstin-schaum.de\/index.php?rest_route=%2Fwp%2Fv2%2Fmedia&parent=15"}],"curies":[{"name":"wp","href":"https:\/\/api.w.org\/{rel}","templated":true}]}}