{"id":25,"date":"2019-02-17T17:58:35","date_gmt":"2019-02-17T17:58:35","guid":{"rendered":"http:\/\/kerstin-schaum.de\/?page_id=25"},"modified":"2023-10-02T16:09:30","modified_gmt":"2023-10-02T16:09:30","slug":"heilen","status":"publish","type":"page","link":"https:\/\/kerstin-schaum.de\/?page_id=25","title":{"rendered":"Gesundheit"},"content":{"rendered":"\t\t<div data-elementor-type=\"wp-post\" data-elementor-id=\"25\" class=\"elementor elementor-25\">\n\t\t\t\t\t\t<section class=\"elementor-section elementor-top-section elementor-element elementor-element-6bdce4bf elementor-section-stretched elementor-section-boxed elementor-section-height-default elementor-section-height-default\" data-id=\"6bdce4bf\" data-element_type=\"section\" data-e-type=\"section\" data-settings=\"{&quot;stretch_section&quot;:&quot;section-stretched&quot;}\">\n\t\t\t\t\t\t<div class=\"elementor-container elementor-column-gap-default\">\n\t\t\t\t\t<div class=\"elementor-column elementor-col-100 elementor-top-column elementor-element elementor-element-3603e1fc\" data-id=\"3603e1fc\" data-element_type=\"column\" data-e-type=\"column\">\n\t\t\t<div class=\"elementor-widget-wrap elementor-element-populated\">\n\t\t\t\t\t\t<div class=\"elementor-element elementor-element-4b9ba20d elementor-widget elementor-widget-text-editor\" data-id=\"4b9ba20d\" data-element_type=\"widget\" data-e-type=\"widget\" data-widget_type=\"text-editor.default\">\n\t\t\t\t<div class=\"elementor-widget-container\">\n\t\t\t\t\t\t\t\t\t<p><\/p>\n<h2 class=\"wp-block-heading\">Gesundheit<\/h2>\n<p><\/p>\n<p><\/p>\n<p>Unser K\u00f6rper, unsere Seele, unser Geist m\u00f6chten gesund leben. Unsere<br \/>Selbstheilungskr\u00e4fte arbeiten ununterbrochen an dieser Aufgabe, ohne<br \/>dass wir das bewusst mitbekommen.<\/p>\n<p><\/p>\n<p><\/p>\n<p>Leben ist ein Wunder, das f\u00fcr uns ganz selbstverst\u00e4ndlich ist.<\/p>\n<p><\/p>\n<p><\/p>\n<p>Selbstverst\u00e4ndlich ist aber auch, dass die Kraft, die uns das<br \/>Leben geschenkt hat, uns heilen kann und m\u00f6chte, dass wir uns betend,<br \/>vielleicht auch bittend oder meditierend an sie wenden und so gesunden k\u00f6nnen.<\/p>\n<p><\/p>\n<p><\/p>\n<p>K\u00f6rper, Geist und Seele sind die drei Ebenen, die zusammen geh\u00f6ren:<\/p>\n<p><\/p>\n<p><\/p>\n<p>Wenn sich uns Probleme in den Weg stellen, sollten und d\u00fcrfen wir auf diese drei Ebenen schauen:<\/p>\n<p><\/p>\n<p><\/p>\n<p>1. Welche physischen Gegebenheiten k\u00f6nnten verbessert werden. Das<br \/>kann mit Ern\u00e4hrung, Sport, Beziehung und offenen Gespr\u00e4chen, Besuchen<br \/>beim Arzt usw. zu tun haben.<\/p>\n<p><\/p>\n<p><\/p>\n<p>2. Sind wir wirklich in unserer Mitte. K\u00f6rperliche und soziale<br \/>Konflikte sind wichtige Botschaften auf unserem Lebensweg, die es gilt<br \/>sich anzuschauen, vielleicht mit dem<br \/>Ergebnis, die Lebensweise oder die Sicht darauf zu ver\u00e4ndern und<br \/>umzustellen. Die Konflikte l\u00f6sen sich auf. Auf dem Weg, Ihre Botschaften<br \/>wahrzunehmen, m\u00f6chte ich helfen.<\/p>\n<p><\/p>\n<p><\/p>\n<p>3. Die Seele braucht Pflege und eine gute Behandlung. Durch Gebet<br \/>oder Meditation tun wir unserer Seele etwas Gutes. Zeit f\u00fcr uns selbst<br \/>und unsere Sinne sind heilsam.<\/p>\n<p><\/p>\n<p><\/p>\n<p>Als Trauerbegleiterin stehe ich Kindern und Erwachsenen gerne begleitend zur Verf\u00fcgung.<\/p>\n<p><\/p>\n<p><\/p>\n<p>Herzliche Gr\u00fc\u00dfe<\/p>\n<p><\/p>\n<p><\/p>\n<p>Ihre<\/p>\n<p><\/p>\n<p><\/p>\n<p>Kerstin Schaum<\/p>\n<p><\/p>\t\t\t\t\t\t\t\t<\/div>\n\t\t\t\t<\/div>\n\t\t\t\t\t<\/div>\n\t\t<\/div>\n\t\t\t\t\t<\/div>\n\t\t<\/section>\n\t\t\t\t<\/div>\n\t\t","protected":false},"excerpt":{"rendered":"<p>Gesundheit Unser K\u00f6rper, unsere Seele, unser Geist m\u00f6chten gesund leben. UnsereSelbstheilungskr\u00e4fte arbeiten ununterbrochen an dieser Aufgabe, ohnedass wir das bewusst mitbekommen. Leben ist ein Wunder, das f\u00fcr uns ganz selbstverst\u00e4ndlich ist. Selbstverst\u00e4ndlich ist aber auch, dass die Kraft, die uns dasLeben geschenkt hat, uns heilen kann und m\u00f6chte, dass wir uns betend,vielleicht auch bittend oder &hellip; <\/p>\n<p class=\"link-more\"><a href=\"https:\/\/kerstin-schaum.de\/?page_id=25\" class=\"more-link\"><span class=\"screen-reader-text\">\u201eGesundheit\u201c <\/span>weiterlesen<\/a><\/p>\n","protected":false},"author":1,"featured_media":0,"parent":0,"menu_order":4,"comment_status":"closed","ping_status":"closed","template":"","meta":{"footnotes":""},"class_list":["post-25","page","type-page","status-publish","hentry"],"_links":{"self":[{"href":"https:\/\/kerstin-schaum.de\/index.php?rest_route=\/wp\/v2\/pages\/25","targetHints":{"allow":["GET"]}}],"collection":[{"href":"https:\/\/kerstin-schaum.de\/index.php?rest_route=\/wp\/v2\/pages"}],"about":[{"href":"https:\/\/kerstin-schaum.de\/index.php?rest_route=\/wp\/v2\/types\/page"}],"author":[{"embeddable":true,"href":"https:\/\/kerstin-schaum.de\/index.php?rest_route=\/wp\/v2\/users\/1"}],"replies":[{"embeddable":true,"href":"https:\/\/kerstin-schaum.de\/index.php?rest_route=%2Fwp%2Fv2%2Fcomments&post=25"}],"version-history":[{"count":15,"href":"https:\/\/kerstin-schaum.de\/index.php?rest_route=\/wp\/v2\/pages\/25\/revisions"}],"predecessor-version":[{"id":821,"href":"https:\/\/kerstin-schaum.de\/index.php?rest_route=\/wp\/v2\/pages\/25\/revisions\/821"}],"wp:attachment":[{"href":"https:\/\/kerstin-schaum.de\/index.php?rest_route=%2Fwp%2Fv2%2Fmedia&parent=25"}],"curies":[{"name":"wp","href":"https:\/\/api.w.org\/{rel}","templated":true}]}}