{"id":301,"date":"2020-04-29T13:40:25","date_gmt":"2020-04-29T13:40:25","guid":{"rendered":"http:\/\/kerstin-schaum.de\/?page_id=301"},"modified":"2021-11-11T16:42:35","modified_gmt":"2021-11-11T16:42:35","slug":"andere-buecher","status":"publish","type":"page","link":"https:\/\/kerstin-schaum.de\/?page_id=301","title":{"rendered":"Andere B\u00fccher"},"content":{"rendered":"<h1>Burnout &amp; Begegnungen<\/h1>\n<h2>&nbsp;<img fetchpriority=\"high\" decoding=\"async\" style=\"color: #7a7a7a; font-size: 1rem;\" src=\"https:\/\/kerstin-schaum.de\/wp-content\/uploads\/2020\/04\/BurnoutundBegegnungen-218x300.jpg\" alt=\"\" width=\"218\" height=\"300\"><\/h2>\n<p>Beschreibung:<\/p>\n<p>Ich bin krank. Ich leide an Depressionen. Dieses Buch beschreibt, wie das begann. Woher es kam. Was es mit sich brachte. Wie es mich ver\u00e4nderte. Welchen Aufwand ich daf\u00fcr betreiben musste. Wie die Krankheit mein Leben auf den Kopf stellte. Die Krankheit anzunehmen. Zu k\u00e4mpfen. Ein Buch zu schreiben, das bewegen kann. Eine Chance sein kann. F\u00fcr jeden!<\/p>\n<p>Autor: Marcus J\u00e4ck<\/p>\n<p>2012, 330 Seiten Preis: 14,00 \u20ac<\/p>\n<p>Buch bestellen unter: <a href=\"mailto:verlag@kerstin-schaum.de\">verlag@kerstin-schaum.de&nbsp;<\/a><\/p>\n","protected":false},"excerpt":{"rendered":"<p>Burnout &amp; Begegnungen &nbsp; Beschreibung: Ich bin krank. Ich leide an Depressionen. Dieses Buch beschreibt, wie das begann. Woher es kam. Was es mit sich brachte. Wie es mich ver\u00e4nderte. Welchen Aufwand ich daf\u00fcr betreiben musste. Wie die Krankheit mein Leben auf den Kopf stellte. Die Krankheit anzunehmen. Zu k\u00e4mpfen. Ein Buch zu schreiben, das &hellip; <\/p>\n<p class=\"link-more\"><a href=\"https:\/\/kerstin-schaum.de\/?page_id=301\" class=\"more-link\"><span class=\"screen-reader-text\">\u201eAndere B\u00fccher\u201c <\/span>weiterlesen<\/a><\/p>\n","protected":false},"author":1,"featured_media":0,"parent":0,"menu_order":0,"comment_status":"closed","ping_status":"closed","template":"","meta":{"footnotes":""},"class_list":["post-301","page","type-page","status-publish","hentry"],"_links":{"self":[{"href":"https:\/\/kerstin-schaum.de\/index.php?rest_route=\/wp\/v2\/pages\/301","targetHints":{"allow":["GET"]}}],"collection":[{"href":"https:\/\/kerstin-schaum.de\/index.php?rest_route=\/wp\/v2\/pages"}],"about":[{"href":"https:\/\/kerstin-schaum.de\/index.php?rest_route=\/wp\/v2\/types\/page"}],"author":[{"embeddable":true,"href":"https:\/\/kerstin-schaum.de\/index.php?rest_route=\/wp\/v2\/users\/1"}],"replies":[{"embeddable":true,"href":"https:\/\/kerstin-schaum.de\/index.php?rest_route=%2Fwp%2Fv2%2Fcomments&post=301"}],"version-history":[{"count":9,"href":"https:\/\/kerstin-schaum.de\/index.php?rest_route=\/wp\/v2\/pages\/301\/revisions"}],"predecessor-version":[{"id":501,"href":"https:\/\/kerstin-schaum.de\/index.php?rest_route=\/wp\/v2\/pages\/301\/revisions\/501"}],"wp:attachment":[{"href":"https:\/\/kerstin-schaum.de\/index.php?rest_route=%2Fwp%2Fv2%2Fmedia&parent=301"}],"curies":[{"name":"wp","href":"https:\/\/api.w.org\/{rel}","templated":true}]}}