{"id":519,"date":"2021-11-11T17:05:17","date_gmt":"2021-11-11T17:05:17","guid":{"rendered":"https:\/\/kerstin-schaum.de\/?page_id=519"},"modified":"2021-11-11T17:18:46","modified_gmt":"2021-11-11T17:18:46","slug":"tierkommunikation","status":"publish","type":"page","link":"https:\/\/kerstin-schaum.de\/?page_id=519","title":{"rendered":"Tierkommunikation"},"content":{"rendered":"\n<figure class=\"wp-block-image size-large is-style-rounded\"><img fetchpriority=\"high\" decoding=\"async\" width=\"683\" height=\"1024\" src=\"https:\/\/kerstin-schaum.de\/wp-content\/uploads\/2021\/11\/Kerstin-Schaum-8368-683x1024.jpg\" alt=\"\" class=\"wp-image-520\" srcset=\"https:\/\/kerstin-schaum.de\/wp-content\/uploads\/2021\/11\/Kerstin-Schaum-8368-683x1024.jpg 683w, https:\/\/kerstin-schaum.de\/wp-content\/uploads\/2021\/11\/Kerstin-Schaum-8368-200x300.jpg 200w, https:\/\/kerstin-schaum.de\/wp-content\/uploads\/2021\/11\/Kerstin-Schaum-8368-768x1152.jpg 768w, https:\/\/kerstin-schaum.de\/wp-content\/uploads\/2021\/11\/Kerstin-Schaum-8368-1024x1536.jpg 1024w, https:\/\/kerstin-schaum.de\/wp-content\/uploads\/2021\/11\/Kerstin-Schaum-8368-1365x2048.jpg 1365w, https:\/\/kerstin-schaum.de\/wp-content\/uploads\/2021\/11\/Kerstin-Schaum-8368-scaled.jpg 1707w\" sizes=\"(max-width: 683px) 100vw, 683px\" \/><\/figure>\n\n\n\n<p><\/p>\n\n\n\n<p class=\"has-text-align-left\"><strong>Tierkommunikation \u2013 Tiere verstehen lernen und diese Berufung leben<\/strong><br>Solange ich denken kann, liebe ich Tiere \u00fcber alles. Als Kind f\u00fchlte ich mich mehr zu Tieren hingezogen als zu Menschen. Sie waren meine Gef\u00e4hrten, mit denen ich lebte und spielte. Ich wuchs mit einem kleinen Hund (Racky, Rasse Spitz) auf, wir hatten zu Hause Hasen, V\u00f6gel, Schweine und Katzen. Ich liebte Pferde und war eine begeisterte Reiterin. Im Wald freute ich mich \u00fcber die Rehe, denen ich im Winter gerne Futter brachte.<br>Vor 5 Jahren starb unser Hund im Alter von 13 Jahren nach kurzer Krankheit. Blacky, einem schwarzen Shih Tzu, war anzumerken, dass er m\u00fcde war vom Leben, aber es fiel meiner Familie und mir sehr schwer, ihn gehen zu lassen. Er hatte uns durch viele schwere, schicksalhafte Jahre begleitet, war ein treuer Weggef\u00e4hrte und ein echter Freund. Er liebte bedingungslos.<br>Ich hatte vor seinem Sterben immer mehr das Gef\u00fchl, ihn nonverbal verstehen zu k\u00f6nnen, und so wusste ich dann auch, was im richtigen Moment zu tun war. Sein Tod \u00f6ffnete in mir den Wunsch, mehr \u00fcber die Verbindung zu Tieren zu erfahren. K\u00f6nnen wir denn wirklich mit Tieren sprechen, fragte ich mich? Und haben Tiere eigentlich eine Seele?<br>Mit diesen offenen Fragen besch\u00e4ftigte ich mich intensiv mit dieser Thematik. Ich besuchte ein Seminar und besorgte mir Literatur.<br>Was verbirgt sich hinter dem Begriff Tierkommunikation?<br>Tierkommunikation wird auch telepathische Kommunikation mit Tieren genannt. Telepathie bedeutet das Wahrnehmen seelischer Vorg\u00e4nge eines anderen Wesens ohne Vermittlung der Sinnesorgane.<br>Die Erfahrung hat gezeigt, dass Tierkommunikation eine gute Hilfe sein kann, wenn wir z.B. wissen m\u00f6chten<\/p>\n\n\n\n<ul class=\"wp-block-list\"><li>ob ein schwer krankes Tier noch leben m\u00f6chte<\/li><li>ob ein Tier Schmerzen hat<\/li><li>wovor ein Tier Angst hat<\/li><li>ob ein entlaufenes Tier noch lebt und wie es ihm geht<\/li><li>warum sich ein Tier anders verh\u00e4lt als fr\u00fcher, ohne einen f\u00fcr uns Menschen ersichtlichen Grund<br>Wir k\u00f6nnen unserem Tier auch bevorstehende Ereignisse, z. B. Operation, Umzug oder Trennung, ank\u00fcndigen und ihm besser verst\u00e4ndlich machen.<br>Wir sind in der Lage, uns mit Tieren in Verbindung zu setzen, nicht nur geistig, sondern auch k\u00f6rperlich, pers\u00f6nlich und \u00fcber die Ferne. Man lernt, durch den eigenen K\u00f6rper und sp\u00e4ter den des Tieres zu <code>reisen<\/code>, sich einzuf\u00fchlen und von innen zu <code>schauen<\/code>. Ziel ist es, Schmerzen, Krankheiten und Verletzungen am K\u00f6rper des Tieres zu erf\u00fchlen, zu erkennen und zu orten. Auch wird gelehrt, mit den Augen des Tieres zu sehen.<\/li><\/ul>\n\n\n\n<p>Ein weiterer Teil befasst sich mit der Kommunikation zwischen den Menschen und den verstorbenen Tieren.<\/p>\n\n\n\n<p>Langsam kam ich an, auch in meinen Gef\u00fchlen, allerdings auch in meiner Trauer um meinen verstorbenen Hund. Aber ich konnte diesen Zustand zulassen und f\u00fchlte mich gut und aufgefangen.<\/p>\n\n\n\n<p>Wie k\u00f6nnen wir eine Verbindung zu unsern Lieblingen herstellen? Das macht jeder Mensch auf seine Art und Weise: Der eine Mensch kann hellf\u00fchlen, der andere hellsehen oder hellh\u00f6ren. Manche Menschen arbeiten mit Bildern, Ger\u00fcchen, Ger\u00e4uschen oder Gef\u00fchlen.<\/p>\n\n\n\n<p>Jeder kann lernen, mit Tieren zu sprechen \u2013 und manchmal \u00fcberraschende Antworten erhalten. Die einzige Voraussetzung ist laut Penelope Smith, einer Pionierin der Tierkommunikation, sich darauf einzulassen, dass Tiere eigenst\u00e4ndige Pers\u00f6nlichkeiten und Gespr\u00e4chspartner auf Augenh\u00f6he sind, die ihre ganz eigenen Ansichten, W\u00fcnsche und Bed\u00fcrfnisse haben; eine Erfahrung, die jeder Tierfreund best\u00e4tigen wird. Dazu lernen wir auch viel \u00fcber uns und unsere Beziehungsf\u00e4higkeit kennen, und wie kompromissbereit wir sind. Tiere kommunizieren mit uns in einer Art universaler Sprache, die wir mit unseren Sinneswahrnehmungen entweder als inneres Wissen, Gef\u00fchle oder Bilder senden und empfangen k\u00f6nnen. Sprache im menschlichen Sinn ist dazu nicht unbedingt erforderlich.<br>Da bei der Tierkommunikation die Sinneswahrnehmungen aktiviert und trainiert werden, f\u00fchrt sie nicht nur zu einer intensiveren Bindung zum Tier, sondern aktiviert Achtsamkeit und Bewusstsein. Der Mensch erf\u00e4hrt ein positiveres Lebensgef\u00fchl und erlebt sich als verbunden mit seinen eigenen Gef\u00fchlen und als Teil der Natur.<br>Literatur: Penelope Smith: Gespr\u00e4che mit Tieren, Beate Seebauer, Der Weg zum Tierfl\u00fcsterer<\/p>\n\n\n\n<div data-wp-interactive=\"core\/file\" class=\"wp-block-file\"><object data-wp-bind--hidden=\"!state.hasPdfPreview\" hidden class=\"wp-block-file__embed\" data=\"https:\/\/kerstin-schaum.de\/wp-content\/uploads\/2021\/11\/final_Flyer.Tier_Kerstin.pdf\" type=\"application\/pdf\" style=\"width:100%;height:600px\" aria-label=\"Einbettung von Einbettung von final_Flyer.Tier_Kerstin..\"><\/object><a href=\"https:\/\/kerstin-schaum.de\/wp-content\/uploads\/2021\/11\/final_Flyer.Tier_Kerstin.pdf\">final_Flyer.Tier_Kerstin<\/a><a href=\"https:\/\/kerstin-schaum.de\/wp-content\/uploads\/2021\/11\/final_Flyer.Tier_Kerstin.pdf\" class=\"wp-block-file__button\" download>Herunterladen<\/a><\/div>\n","protected":false},"excerpt":{"rendered":"<p>Tierkommunikation \u2013 Tiere verstehen lernen und diese Berufung lebenSolange ich denken kann, liebe ich Tiere \u00fcber alles. Als Kind f\u00fchlte ich mich mehr zu Tieren hingezogen als zu Menschen. Sie waren meine Gef\u00e4hrten, mit denen ich lebte und spielte. Ich wuchs mit einem kleinen Hund (Racky, Rasse Spitz) auf, wir hatten zu Hause Hasen, V\u00f6gel, &hellip; <\/p>\n<p class=\"link-more\"><a href=\"https:\/\/kerstin-schaum.de\/?page_id=519\" class=\"more-link\"><span class=\"screen-reader-text\">\u201eTierkommunikation\u201c <\/span>weiterlesen<\/a><\/p>\n","protected":false},"author":2,"featured_media":0,"parent":0,"menu_order":0,"comment_status":"closed","ping_status":"closed","template":"","meta":{"footnotes":""},"class_list":["post-519","page","type-page","status-publish","hentry"],"_links":{"self":[{"href":"https:\/\/kerstin-schaum.de\/index.php?rest_route=\/wp\/v2\/pages\/519","targetHints":{"allow":["GET"]}}],"collection":[{"href":"https:\/\/kerstin-schaum.de\/index.php?rest_route=\/wp\/v2\/pages"}],"about":[{"href":"https:\/\/kerstin-schaum.de\/index.php?rest_route=\/wp\/v2\/types\/page"}],"author":[{"embeddable":true,"href":"https:\/\/kerstin-schaum.de\/index.php?rest_route=\/wp\/v2\/users\/2"}],"replies":[{"embeddable":true,"href":"https:\/\/kerstin-schaum.de\/index.php?rest_route=%2Fwp%2Fv2%2Fcomments&post=519"}],"version-history":[{"count":5,"href":"https:\/\/kerstin-schaum.de\/index.php?rest_route=\/wp\/v2\/pages\/519\/revisions"}],"predecessor-version":[{"id":532,"href":"https:\/\/kerstin-schaum.de\/index.php?rest_route=\/wp\/v2\/pages\/519\/revisions\/532"}],"wp:attachment":[{"href":"https:\/\/kerstin-schaum.de\/index.php?rest_route=%2Fwp%2Fv2%2Fmedia&parent=519"}],"curies":[{"name":"wp","href":"https:\/\/api.w.org\/{rel}","templated":true}]}}